{"id":874,"date":"2015-06-26T15:21:52","date_gmt":"2015-06-26T14:21:52","guid":{"rendered":"http:\/\/www.cucinalucana.it\/?page_id=874"},"modified":"2018-05-25T17:32:12","modified_gmt":"2018-05-25T16:32:12","slug":"informativa-sulla-privacy","status":"publish","type":"page","link":"https:\/\/www.cucinalucana.it\/?page_id=874","title":{"rendered":"Informativa sulla Privacy"},"content":{"rendered":"<p><strong>Informativa sulla Privacy<\/strong><\/p>\n<p>Qui di seguito vengono descritte le modalit\u00e0 di gestione del sito denominato www.cucinalucana.it di Francesco Marano in riferimento al trattamento dei dati personali degli utenti che lo consultano.<\/p>\n<p>Si tratta di un\u2019informativa per il trattamento dei dati personali che \u00e8 resa anche ai sensi dell\u2019art. 13 del Decreto legislativo 196\/03 (di seguito divenuto Codice privacy) per gli utenti dei servizi del nostro sito, che vengono erogati tramite internet.<\/p>\n<p><strong>Titolare del trattamento<\/strong><br \/>\nIl Titolare del trattamento dei dati personali, relativi a persone identificate o identificabili trattati a seguito della consultazione del nostro sito, \u00e8 Francesco Marano \u2013 Via Piave, 9 75100 Matera email: francesco.marano@unibas.it<\/p>\n<p><strong>Luogo e finalit\u00e0 di trattamento dei dati<\/strong><br \/>\nI trattamenti connessi ai servizi web di questo sito e i contenuti sono curati da Francesco Marano.<br \/>\nNessun dato derivante dal servizio web viene comunicato o diffuso a terzi.<br \/>\nI dati personali forniti dagli utenti che inoltrano richieste di servizi e\/o informazioni sono utilizzati al solo fine di eseguire il servizio o la prestazione richiesta e non sono comunicati a soggetti terzi salvo che la comunicazione sia imposta da obblighi di legge o sia strettamente necessario per l\u2019adempimento delle richieste.<\/p>\n<p><strong>Dati di navigazione<\/strong><br \/>\nI sistemi informatici e le procedure software preposte al funzionamento di questo sito web e dei servizi a esso connessi acquisiscono, nel corso del loro normale esercizio, alcuni dati personali la cui trasmissione \u00e8 implicita nell\u2019uso dei protocolli di comunicazione di internet. Si tratta di informazioni che non sono raccolte per essere associate a interessati identificati, ma che per loro stessa natura potrebbero, attraverso elaborazioni e associazioni con dati detenuti da terzi, permettere di identificare gli utenti. In questa categoria di dati rientrano gli indirizzi IP o i nomi a dominio dei computer utilizzati dagli utenti che si connettono al sito, gli indirizzi in notazione URI (Uniform Resource Identifier) delle risorse richieste, l\u2019orario della richiesta, il metodo utilizzato nel sottoporre la richiesta al server, la dimensione del file ottenuto in risposta, il codice numerico indicante lo stato della risposta data dal server (buon fine, errore\u2026) e altri parametri relativi al sistema operativo e all\u2019ambiente informatico dell\u2019utente. Questi dati vengono utilizzati al solo fine di ricavare informazioni statistiche anonime sull\u2019uso del sito e per controllarne il corretto funzionamento e vengono cancellati immediatamente dopo l\u2019elaborazione. I dati potrebbero essere utilizzati per l\u2019accertamento di responsabilit\u00e0 in caso di ipotetici reati informatici ai danni del sito.<\/p>\n<p><strong>Dati forniti volontariamente dagli utenti<\/strong><br \/>\nL\u2019invio facoltativo, esplicito e volontario di posta elettronica agli indirizzi indicati su questo sito comporta la successiva acquisizione dell\u2019indirizzo del mittente, necessario per rispondere alle richieste, nonch\u00e9 degli eventuali altri dati personali inseriti nella missiva.<\/p>\n<p><strong>Cookies<\/strong><br \/>\nPer cookies si intende un elemento testuale che viene inserito nel disco fisso di un computer solo in seguito ad autorizzazione. I cookies hanno la funzione di snellire l\u2019analisi del traffico su web o di segnalare quando un sito specifico viene visitato e consentono alle applicazioni web di inviare informazioni ai singoli utenti. Nessun dato degli utenti viene in proposito acquisito dal sito. Non viene fatto uso di cookies per la trasmissione di informazioni di carattere personale.<\/p>\n<p>Approfondimento sui cookies utilizzati dal sito: <a href=\"http:\/\/www.cucinalucana.it\/?page_id=1506\"><strong>clicca qu<\/strong>i<\/a>.<\/p>\n<p><strong>Facoltativit\u00e0 del conferimento dei dati<\/strong><br \/>\nA parte quanto specificato per i dati di navigazione, l\u2019utente \u00e8 libero di fornire i dati personali per richiedere i servizi offerti dalla societ\u00e0. Il loro mancato conferimento pu\u00f2 comportare l\u2019impossibilit\u00e0 di ottenere il servizio richiesto.<\/p>\n<p><a title=\"Disattiva i cookies di Google Analytics (statistiche)\" href=\"https:\/\/tools.google.com\/dlpage\/gaoptout?hl=it\" target=\"_blank\">Scarica il plugin per disattivare i cookies di Google Analytics<\/a><\/p>\n<p><strong>Modalit\u00e0 di trattamento dei dati<\/strong><br \/>\nI dati personali sono trattati con strumenti informatici automatizzati, per il tempo necessario a conseguire lo scopo per il quale sono stati raccolti.<br \/>\nSpecifiche misure di sicurezza sono osservate per prevenire la perdita dei dati, usi illeciti o non corretti e accessi non autorizzati.<\/p>\n<p><strong>Diritti degli interessati<\/strong><br \/>\nI soggetti cui si riferiscono i dati hanno i diritti previsti dall\u2019art. 7 del Codice privacy che prevede, tra gli altri, il diritto di conoscere la presenza dei suoi dati e di ottenere la cancellazione, la rettifica, l\u2019aggiornamento dei dati stessi rivolgendosi al Titolare del trattamento in persona di Francesco Marano all\u2019indirizzo sopra indicato.<\/p>\n","protected":false},"excerpt":{"rendered":"<p>Informativa sulla Privacy Qui di seguito vengono descritte le modalit\u00e0 di gestione del sito denominato www.cucinalucana.it di Francesco Marano in riferimento al trattamento dei dati personali degli utenti che lo consultano. Si tratta di un\u2019informativa per il trattamento dei dati personali che \u00e8 resa anche ai sensi dell\u2019art. 13 del Decreto legislativo 196\/03 (di seguito [&hellip;]<\/p>\n","protected":false},"author":1,"featured_media":0,"parent":0,"menu_order":0,"comment_status":"open","ping_status":"open","template":"","meta":{"_monsterinsights_skip_tracking":false,"_monsterinsights_sitenote_active":false,"_monsterinsights_sitenote_note":"","_monsterinsights_sitenote_category":0},"_links":{"self":[{"href":"https:\/\/www.cucinalucana.it\/index.php?rest_route=\/wp\/v2\/pages\/874"}],"collection":[{"href":"https:\/\/www.cucinalucana.it\/index.php?rest_route=\/wp\/v2\/pages"}],"about":[{"href":"https:\/\/www.cucinalucana.it\/index.php?rest_route=\/wp\/v2\/types\/page"}],"author":[{"embeddable":true,"href":"https:\/\/www.cucinalucana.it\/index.php?rest_route=\/wp\/v2\/users\/1"}],"replies":[{"embeddable":true,"href":"https:\/\/www.cucinalucana.it\/index.php?rest_route=%2Fwp%2Fv2%2Fcomments&post=874"}],"version-history":[{"count":6,"href":"https:\/\/www.cucinalucana.it\/index.php?rest_route=\/wp\/v2\/pages\/874\/revisions"}],"predecessor-version":[{"id":1508,"href":"https:\/\/www.cucinalucana.it\/index.php?rest_route=\/wp\/v2\/pages\/874\/revisions\/1508"}],"wp:attachment":[{"href":"https:\/\/www.cucinalucana.it\/index.php?rest_route=%2Fwp%2Fv2%2Fmedia&parent=874"}],"curies":[{"name":"wp","href":"https:\/\/api.w.org\/{rel}","templated":true}]}}